{"id":1468,"date":"2020-05-12T08:19:36","date_gmt":"2020-05-12T06:19:36","guid":{"rendered":"https:\/\/estuprofe.com\/juegos\/?page_id=1468"},"modified":"2020-09-16T16:04:38","modified_gmt":"2020-09-16T14:04:38","slug":"notas","status":"publish","type":"page","link":"https:\/\/estuprofe.com\/juegos\/notas\/","title":{"rendered":"CONSULTA DE NOTAS Y COMENTARIOS DE LOS PROFESORES."},"content":{"rendered":"\n<h2 class=\"wp-block-heading\">CONSULTA DE COMENTARIOS<\/h2>\n\n\n\n<p>Para consultar los comentarios de los profesores sobre el alumno necesitar\u00e1s dos cosas.<\/p>\n\n\n\n<p>El DNI del alumno (tambi\u00e9n vale el del padre o madre) y el n\u00famero de expediente. Si no sabe el n\u00famero de expediente puede mirarlo en las notas del 1\u00ba trimestre o del 2\u00ba trimestre, es un n\u00famero de 4 cifras (no confundirlo con el NRE que tiene 6 cifras).<\/p>\n\n\n\n<p>La p\u00e1gina web para consultarlo es <a href=\"https:\/\/infoalu.murciaeduca.es\/\">https:\/\/infoalu.murciaeduca.es\/<\/a> <\/p>\n\n\n\n<figure class=\"wp-block-image size-large\"><img loading=\"lazy\" decoding=\"async\" width=\"1920\" height=\"1080\" src=\"https:\/\/estuprofe.com\/juegos\/wp-content\/uploads\/2020\/05\/image.png\" alt=\"\" class=\"wp-image-1469\" srcset=\"https:\/\/estuprofe.com\/juegos\/wp-content\/uploads\/2020\/05\/image.png 1920w, https:\/\/estuprofe.com\/juegos\/wp-content\/uploads\/2020\/05\/image-300x169.png 300w, https:\/\/estuprofe.com\/juegos\/wp-content\/uploads\/2020\/05\/image-768x432.png 768w, https:\/\/estuprofe.com\/juegos\/wp-content\/uploads\/2020\/05\/image-1536x864.png 1536w, https:\/\/estuprofe.com\/juegos\/wp-content\/uploads\/2020\/05\/image-700x394.png 700w\" sizes=\"auto, (max-width: 1920px) 100vw, 1920px\" \/><figcaption>P\u00e1gina principal.<\/figcaption><\/figure>\n\n\n\n<p>Una vez all\u00ed escriba \u00absabina mora\u00bb en buscar, elija el centro y dele al bot\u00f3n de aceptar.<\/p>\n\n\n\n<p>Debe introducir el n\u00ba de expediente y el DNI en los dos recuadros de abajo (Acceso Alumnos\/Padres), una vez all\u00ed pulse en comentarios<\/p>\n\n\n\n<figure class=\"wp-block-image size-large\"><img loading=\"lazy\" decoding=\"async\" width=\"1920\" height=\"1080\" src=\"https:\/\/estuprofe.com\/juegos\/wp-content\/uploads\/2020\/05\/image-1.png\" alt=\"\" class=\"wp-image-1470\" srcset=\"https:\/\/estuprofe.com\/juegos\/wp-content\/uploads\/2020\/05\/image-1.png 1920w, https:\/\/estuprofe.com\/juegos\/wp-content\/uploads\/2020\/05\/image-1-300x169.png 300w, https:\/\/estuprofe.com\/juegos\/wp-content\/uploads\/2020\/05\/image-1-768x432.png 768w, https:\/\/estuprofe.com\/juegos\/wp-content\/uploads\/2020\/05\/image-1-1536x864.png 1536w, https:\/\/estuprofe.com\/juegos\/wp-content\/uploads\/2020\/05\/image-1-700x394.png 700w\" sizes=\"auto, (max-width: 1920px) 100vw, 1920px\" \/><\/figure>\n\n\n\n<h2 class=\"wp-block-heading\">CONSULTA DE NOTAS <\/h2>\n\n\n\n<p>A fecha de hoy solo podr\u00e1 consultar las notas del 1\u00ba y 2\u00ba trimestre. Esto se har\u00e1 a trav\u00e9s de la plataforma Mirador, en esta ocasi\u00f3n necesitar\u00e1 el n\u00famero regional de estudiante NRE, puede obtenerlo mirando los boletines de las notas de los trimestres anteriores, en la agenda, en el carnet de estudiante, etc\u00e9tera. Es un n\u00famero de 6 cifras, si no lo encuentra tambi\u00e9n puede encontrarlo por aqu\u00ed : <a href=\"http:\/\/ares.murciaeduca.es\/nre\/#\/home\">http:\/\/ares.murciaeduca.es\/nre\/#\/home<\/a><\/p>\n\n\n\n<p>Para acceder a la plataforma puede hacerlo directamente en el siguiente enlace. <a href=\"https:\/\/mirador.murciaeduca.es\/\">https:\/\/mirador.murciaeduca.es\/<\/a> o trav\u00e9s de la web del instituto, pinchando en familias y luego en \u00abMIRADOR\/VER NOTAS\u00bb.<\/p>\n\n\n\n\n\n<p><a href=\"http:\/\/www.sabinamora.es\/index.php\/es\/\">http:\/\/www.sabinamora.es\/index.php\/es\/<\/a><\/p>\n\n\n\n\n\n<p><\/p>\n","protected":false},"excerpt":{"rendered":"<a href=\"https:\/\/estuprofe.com\/juegos\/notas\/\" rel=\"bookmark\" title=\"Enlace permanente a CONSULTA DE NOTAS Y COMENTARIOS DE LOS PROFESORES.\"><p>CONSULTA DE COMENTARIOS Para consultar los comentarios de los profesores sobre el alumno necesitar\u00e1s dos cosas. El DNI del alumno (tambi\u00e9n vale el del padre o madre) y el n\u00famero de expediente. Si no sabe el n\u00famero de expediente puede mirarlo en las notas del 1\u00ba trimestre o del 2\u00ba trimestre, es un n\u00famero de [&hellip;]<\/p>\n<\/a>","protected":false},"author":1,"featured_media":0,"parent":0,"menu_order":10,"comment_status":"closed","ping_status":"closed","template":"","meta":{"ngg_post_thumbnail":0,"footnotes":""},"class_list":["post-1468","page","type-page","status-publish","h-entry","hentry"],"_links":{"self":[{"href":"https:\/\/estuprofe.com\/juegos\/wp-json\/wp\/v2\/pages\/1468","targetHints":{"allow":["GET"]}}],"collection":[{"href":"https:\/\/estuprofe.com\/juegos\/wp-json\/wp\/v2\/pages"}],"about":[{"href":"https:\/\/estuprofe.com\/juegos\/wp-json\/wp\/v2\/types\/page"}],"author":[{"embeddable":true,"href":"https:\/\/estuprofe.com\/juegos\/wp-json\/wp\/v2\/users\/1"}],"replies":[{"embeddable":true,"href":"https:\/\/estuprofe.com\/juegos\/wp-json\/wp\/v2\/comments?post=1468"}],"version-history":[{"count":2,"href":"https:\/\/estuprofe.com\/juegos\/wp-json\/wp\/v2\/pages\/1468\/revisions"}],"predecessor-version":[{"id":1473,"href":"https:\/\/estuprofe.com\/juegos\/wp-json\/wp\/v2\/pages\/1468\/revisions\/1473"}],"wp:attachment":[{"href":"https:\/\/estuprofe.com\/juegos\/wp-json\/wp\/v2\/media?parent=1468"}],"curies":[{"name":"wp","href":"https:\/\/api.w.org\/{rel}","templated":true}]}}