{"id":1549,"date":"2020-09-18T20:49:18","date_gmt":"2020-09-18T18:49:18","guid":{"rendered":"https:\/\/estuprofe.com\/juegos\/?page_id=1549"},"modified":"2021-04-25T10:59:29","modified_gmt":"2021-04-25T08:59:29","slug":"libro-gratuito-dibujo-tecnico-ii-textos-marea-verde","status":"publish","type":"page","link":"https:\/\/estuprofe.com\/juegos\/libro-gratuito-dibujo-tecnico-ii-textos-marea-verde\/","title":{"rendered":"LIBRO GRATUITO DIBUJO T\u00c9CNICO II &#8211; Textos marea verde."},"content":{"rendered":"\n<p>Aqu\u00ed pod\u00e9is descargar la publicaci\u00f3n de manera completamente gratuita.<\/p>\n\n\n\n<p>Versi\u00f3n 2021<\/p>\n\n\n\n<p><a href=\"https:\/\/aula21-my.sharepoint.com\/:b:\/g\/personal\/luis_zurita_aulaxxi_murciaeduca_es\/ERzmCkzGkdZBm5SRVJJ74f4BwFSviQeyGrq82_9f37Ik7A?e=5mK0K8\" target=\"_blank\" rel=\"noreferrer noopener\">https:\/\/aula21-my.sharepoint.com\/:b:\/g\/personal\/luis_zurita_aulaxxi_murciaeduca_es\/ERzmCkzGkdZBm5SRVJJ74f4BwFSviQeyGrq82_9f37Ik7A?e=5mK0K8<\/a><\/p>\n\n\n\n<figure class=\"wp-block-image size-large\"><img loading=\"lazy\" decoding=\"async\" width=\"150\" height=\"106\" src=\"https:\/\/estuprofe.com\/juegos\/wp-content\/uploads\/2020\/09\/Marea_Verde2-1.png\" alt=\"\" class=\"wp-image-1550\"\/><\/figure>\n\n\n\n<h2 class=\"wp-block-heading\">Unidades modificadas.<\/h2>\n\n\n\n<p><a href=\"https:\/\/aula21-my.sharepoint.com\/:f:\/g\/personal\/luis_zurita_aulaxxi_murciaeduca_es\/Es7TgLhtmtFEue9NAIEDRPUBZzEUXgfKkzAFmhnQfpTacw?e=KhCfQy\">https:\/\/aula21-my.sharepoint.com\/:f:\/g\/personal\/luis_zurita_aulaxxi_murciaeduca_es\/Es7TgLhtmtFEue9NAIEDRPUBZzEUXgfKkzAFmhnQfpTacw?e=KhCfQy<\/a><\/p>\n\n\n\n<p>Conforme voy usando el libro en clase le encuentro erratas o descubro otras maneras de organizar las l\u00e1minas. Pondr\u00e9 las unidades actualizadas en esta p\u00e1gina, las diferencias por ahora son m\u00ednimas, cuando acabe el a\u00f1o y el periodo de oposici\u00f3n tendr\u00e9 tiempo para \u00abrecomponer\u00bb el libro y actualizar la edici\u00f3n.<\/p>\n\n\n\n<h4 class=\"wp-block-heading\">Unidad 2. Tangencias<\/h4>\n\n\n\n<p>He a\u00f1adido ejercicios y ahora el aprendizaje es m\u00e1s secuencial. Se han a\u00f1adido en azul los ejercicios candidatos a Examen de EBAU propuestos por el coordinador.<\/p>\n\n\n\n<h4 class=\"wp-block-heading\">Unidad 3. Curvas c\u00f3nicas y t\u00e9cnicas<\/h4>\n\n\n\n<p>A\u00f1ado la divisi\u00f3n por tales en el m\u00e9todo de haces proyectivos y los elementos de simetr\u00eda en amarillo<\/p>\n\n\n\n<h4 class=\"wp-block-heading\">Unidad 4. Transformaciones geom\u00e9tricas<\/h4>\n\n\n\n<p>A\u00f1ado l\u00e1minas de afinidad y de homolog\u00eda pues las que hab\u00eda me han resultado insuficientes para ense\u00f1arlo de una manera correcta<\/p>\n\n\n\n<h4 class=\"wp-block-heading\">Unidad 5. Sistema di\u00e9drico.<\/h4>\n\n\n\n<p>A\u00f1ado perspectiva caballera para explicar el punto en la l\u00e1mina 5.1<\/p>\n\n\n\n<p>Corrijo errata de la l\u00e1mina 5.5 (trazas cambiadas de sitio) y a\u00f1ado la l\u00e1mina 5.6 relativa a cambio de plano e intersecciones entre plano.<\/p>\n\n\n\n<p><strong>Unidad 6. Verdadera magnitud<\/strong><\/p>\n\n\n\n<p>Se arreglan errores de designaciones en la 6.1<\/p>\n\n\n\n<p>Se a\u00f1aden cambios de color para facilitar la interpretaci\u00f3n de los cambios de plano en la 6.2<\/p>\n\n\n\n<p>Corregida errata de designaciones en la 6.3<\/p>\n\n\n\n<p>A\u00f1adida l\u00e1mina 6.4 obtener segmentos inclinados conociendo la longitud y abatimientos circunferencias en plano paralelo a L.T.<\/p>\n\n\n\n<h4 class=\"wp-block-heading\">Unidad 7. Poliedros en di\u00e9drico.<\/h4>\n\n\n\n<p>Reordeno las l\u00e1minas y a\u00f1ado intersecciones con recta y una prueba EBAU de junio de 2020 que a\u00fan no estaba publicada, ahora s\u00ed lo est\u00e1.<\/p>\n\n\n\n<p><strong>Unidad 9. Axonom\u00e9trico<\/strong><\/p>\n\n\n\n<p>A\u00f1adidas l\u00e1minas 9.4 con los m\u00f3dulos b\u00e1sicos de creaci\u00f3n de piezas para la EBAU y 9.5 con actividad por parejas de piezas m\u00f3dulo 2&#215;2.<\/p>\n\n\n\n<p><strong>Unidad 8. <\/strong>Superficies de revoluci\u00f3n<\/p>\n\n\n\n<p>A\u00f1adidas esfera seccionado por plano oblicuo y colores para facilitar el visionado<\/p>\n\n\n\n<p><strong>Unidad 10. Normalizaci\u00f3n<\/strong><\/p>\n\n\n\n<p>A\u00f1ado esquemas de tipos de l\u00ednea seg\u00fan UNE-1-032-082 y seg\u00fan UNE-EN ISO 128-1:2020<\/p>\n","protected":false},"excerpt":{"rendered":"<a href=\"https:\/\/estuprofe.com\/juegos\/libro-gratuito-dibujo-tecnico-ii-textos-marea-verde\/\" rel=\"bookmark\" title=\"Enlace permanente a LIBRO GRATUITO DIBUJO T\u00c9CNICO II &#8211; Textos marea verde.\"><p>Aqu\u00ed pod\u00e9is descargar la publicaci\u00f3n de manera completamente gratuita. Versi\u00f3n 2021 https:\/\/aula21-my.sharepoint.com\/:b:\/g\/personal\/luis_zurita_aulaxxi_murciaeduca_es\/ERzmCkzGkdZBm5SRVJJ74f4BwFSviQeyGrq82_9f37Ik7A?e=5mK0K8 Unidades modificadas. https:\/\/aula21-my.sharepoint.com\/:f:\/g\/personal\/luis_zurita_aulaxxi_murciaeduca_es\/Es7TgLhtmtFEue9NAIEDRPUBZzEUXgfKkzAFmhnQfpTacw?e=KhCfQy Conforme voy usando el libro en clase le encuentro erratas o descubro otras maneras de organizar las l\u00e1minas. Pondr\u00e9 las unidades actualizadas en esta p\u00e1gina, las diferencias por ahora son m\u00ednimas, cuando acabe el a\u00f1o y el periodo de oposici\u00f3n [&hellip;]<\/p>\n<\/a>","protected":false},"author":1,"featured_media":0,"parent":0,"menu_order":0,"comment_status":"closed","ping_status":"closed","template":"","meta":{"ngg_post_thumbnail":0,"footnotes":""},"class_list":["post-1549","page","type-page","status-publish","h-entry","hentry"],"_links":{"self":[{"href":"https:\/\/estuprofe.com\/juegos\/wp-json\/wp\/v2\/pages\/1549","targetHints":{"allow":["GET"]}}],"collection":[{"href":"https:\/\/estuprofe.com\/juegos\/wp-json\/wp\/v2\/pages"}],"about":[{"href":"https:\/\/estuprofe.com\/juegos\/wp-json\/wp\/v2\/types\/page"}],"author":[{"embeddable":true,"href":"https:\/\/estuprofe.com\/juegos\/wp-json\/wp\/v2\/users\/1"}],"replies":[{"embeddable":true,"href":"https:\/\/estuprofe.com\/juegos\/wp-json\/wp\/v2\/comments?post=1549"}],"version-history":[{"count":10,"href":"https:\/\/estuprofe.com\/juegos\/wp-json\/wp\/v2\/pages\/1549\/revisions"}],"predecessor-version":[{"id":1762,"href":"https:\/\/estuprofe.com\/juegos\/wp-json\/wp\/v2\/pages\/1549\/revisions\/1762"}],"wp:attachment":[{"href":"https:\/\/estuprofe.com\/juegos\/wp-json\/wp\/v2\/media?parent=1549"}],"curies":[{"name":"wp","href":"https:\/\/api.w.org\/{rel}","templated":true}]}}