{"id":1780,"date":"2023-09-12T12:54:16","date_gmt":"2023-09-12T10:54:16","guid":{"rendered":"https:\/\/estuprofe.com\/juegos\/?page_id=1780"},"modified":"2023-09-30T11:44:08","modified_gmt":"2023-09-30T09:44:08","slug":"educacion-plastica-y-visual-1o-eso-lomloe","status":"publish","type":"page","link":"https:\/\/estuprofe.com\/juegos\/educacion-plastica-y-visual-1o-eso-lomloe\/","title":{"rendered":"1\u00ba ESO-Educaci\u00f3n Pl\u00e1stica y Visual -LOMLOE"},"content":{"rendered":"\n<p>Enlaces a las unidades y art\u00edculos.<\/p>\n\n\n\n<figure class=\"wp-block-embed is-type-wp-embed is-provider-blog wp-block-embed-blog\"><div class=\"wp-block-embed__wrapper\">\n<blockquote class=\"wp-embedded-content\" data-secret=\"Mw7WH4uEV3\"><a href=\"https:\/\/estuprofe.com\/juegos\/2023\/09\/30\/unidad-0-programaciones-y-cosas-aburridas-de-profes\/\">UNIDAD 0. Programaciones y cosas aburridas de profes.<\/a><\/blockquote><iframe loading=\"lazy\" class=\"wp-embedded-content\" sandbox=\"allow-scripts\" security=\"restricted\" style=\"position: absolute; clip: rect(1px, 1px, 1px, 1px);\" title=\"\u00abUNIDAD 0. Programaciones y cosas aburridas de profes.\u00bb \u2014 Blog\" src=\"https:\/\/estuprofe.com\/juegos\/2023\/09\/30\/unidad-0-programaciones-y-cosas-aburridas-de-profes\/embed\/#?secret=LR8lNdrgad#?secret=Mw7WH4uEV3\" data-secret=\"Mw7WH4uEV3\" width=\"600\" height=\"338\" frameborder=\"0\" marginwidth=\"0\" marginheight=\"0\" scrolling=\"no\"><\/iframe>\n<\/div><\/figure>\n\n\n\n<figure class=\"wp-block-embed is-type-wp-embed is-provider-blog wp-block-embed-blog\"><div class=\"wp-block-embed__wrapper\">\n<blockquote class=\"wp-embedded-content\" data-secret=\"zN0e4KIo7P\"><a href=\"https:\/\/estuprofe.com\/juegos\/2023\/09\/30\/epv1-unidad-1-proceso-creativo\/\">EPV1-Unidad 1. Proceso creativo.<\/a><\/blockquote><iframe loading=\"lazy\" class=\"wp-embedded-content\" sandbox=\"allow-scripts\" security=\"restricted\" style=\"position: absolute; clip: rect(1px, 1px, 1px, 1px);\" title=\"\u00abEPV1-Unidad 1. Proceso creativo.\u00bb \u2014 Blog\" src=\"https:\/\/estuprofe.com\/juegos\/2023\/09\/30\/epv1-unidad-1-proceso-creativo\/embed\/#?secret=tch9cDuZIE#?secret=zN0e4KIo7P\" data-secret=\"zN0e4KIo7P\" width=\"600\" height=\"338\" frameborder=\"0\" marginwidth=\"0\" marginheight=\"0\" scrolling=\"no\"><\/iframe>\n<\/div><\/figure>\n\n\n\n<figure class=\"wp-block-embed is-type-wp-embed is-provider-blog wp-block-embed-blog\"><div class=\"wp-block-embed__wrapper\">\n<blockquote class=\"wp-embedded-content\" data-secret=\"2Id8gzMyRn\"><a href=\"https:\/\/estuprofe.com\/juegos\/2023\/09\/30\/epv1-unidad-2-geometria-2d-trazados-geometricos-basicos\/\">EPV1-Unidad 2. Geometr\u00eda 2D: trazados geom\u00e9tricos b\u00e1sicos<\/a><\/blockquote><iframe loading=\"lazy\" class=\"wp-embedded-content\" sandbox=\"allow-scripts\" security=\"restricted\" style=\"position: absolute; clip: rect(1px, 1px, 1px, 1px);\" title=\"\u00abEPV1-Unidad 2. Geometr\u00eda 2D: trazados geom\u00e9tricos b\u00e1sicos\u00bb \u2014 Blog\" src=\"https:\/\/estuprofe.com\/juegos\/2023\/09\/30\/epv1-unidad-2-geometria-2d-trazados-geometricos-basicos\/embed\/#?secret=izx0LWcPJG#?secret=2Id8gzMyRn\" data-secret=\"2Id8gzMyRn\" width=\"600\" height=\"338\" frameborder=\"0\" marginwidth=\"0\" marginheight=\"0\" scrolling=\"no\"><\/iframe>\n<\/div><\/figure>\n","protected":false},"excerpt":{"rendered":"<a href=\"https:\/\/estuprofe.com\/juegos\/educacion-plastica-y-visual-1o-eso-lomloe\/\" rel=\"bookmark\" title=\"Enlace permanente a 1\u00ba ESO-Educaci\u00f3n Pl\u00e1stica y Visual -LOMLOE\"><p>Enlaces a las unidades y art\u00edculos.<\/p>\n<\/a>","protected":false},"author":1,"featured_media":0,"parent":0,"menu_order":1,"comment_status":"closed","ping_status":"closed","template":"","meta":{"ngg_post_thumbnail":0,"footnotes":""},"class_list":["post-1780","page","type-page","status-publish","h-entry","hentry"],"_links":{"self":[{"href":"https:\/\/estuprofe.com\/juegos\/wp-json\/wp\/v2\/pages\/1780","targetHints":{"allow":["GET"]}}],"collection":[{"href":"https:\/\/estuprofe.com\/juegos\/wp-json\/wp\/v2\/pages"}],"about":[{"href":"https:\/\/estuprofe.com\/juegos\/wp-json\/wp\/v2\/types\/page"}],"author":[{"embeddable":true,"href":"https:\/\/estuprofe.com\/juegos\/wp-json\/wp\/v2\/users\/1"}],"replies":[{"embeddable":true,"href":"https:\/\/estuprofe.com\/juegos\/wp-json\/wp\/v2\/comments?post=1780"}],"version-history":[{"count":3,"href":"https:\/\/estuprofe.com\/juegos\/wp-json\/wp\/v2\/pages\/1780\/revisions"}],"predecessor-version":[{"id":1827,"href":"https:\/\/estuprofe.com\/juegos\/wp-json\/wp\/v2\/pages\/1780\/revisions\/1827"}],"wp:attachment":[{"href":"https:\/\/estuprofe.com\/juegos\/wp-json\/wp\/v2\/media?parent=1780"}],"curies":[{"name":"wp","href":"https:\/\/api.w.org\/{rel}","templated":true}]}}