{"id":1786,"date":"2023-09-12T12:57:41","date_gmt":"2023-09-12T10:57:41","guid":{"rendered":"https:\/\/estuprofe.com\/juegos\/?page_id=1786"},"modified":"2023-10-08T18:54:05","modified_gmt":"2023-10-08T16:54:05","slug":"2o-eso-educacion-plastica-y-visual-lomloe","status":"publish","type":"page","link":"https:\/\/estuprofe.com\/juegos\/2o-eso-educacion-plastica-y-visual-lomloe\/","title":{"rendered":"2\u00ba ESO Educaci\u00f3n Pl\u00e1stica y Visual LOMLOE"},"content":{"rendered":"\n<figure class=\"wp-block-embed is-type-wp-embed is-provider-blog wp-block-embed-blog\"><div class=\"wp-block-embed__wrapper\">\n<blockquote class=\"wp-embedded-content\" data-secret=\"LxQX9hFI2V\"><a href=\"https:\/\/estuprofe.com\/juegos\/2023\/10\/08\/epv2-unidad-1-geometria-2d-trazados-geometricos-basicos-poligonos\/\">EPV2. Unidad 1. Geometr\u00eda 2D: trazados geom\u00e9tricos b\u00e1sicos, pol\u00edgonos.<\/a><\/blockquote><iframe loading=\"lazy\" class=\"wp-embedded-content\" sandbox=\"allow-scripts\" security=\"restricted\" style=\"position: absolute; clip: rect(1px, 1px, 1px, 1px);\" title=\"\u00abEPV2. Unidad 1. Geometr\u00eda 2D: trazados geom\u00e9tricos b\u00e1sicos, pol\u00edgonos.\u00bb \u2014 Blog\" src=\"https:\/\/estuprofe.com\/juegos\/2023\/10\/08\/epv2-unidad-1-geometria-2d-trazados-geometricos-basicos-poligonos\/embed\/#?secret=F24DErw69X#?secret=LxQX9hFI2V\" data-secret=\"LxQX9hFI2V\" width=\"600\" height=\"338\" frameborder=\"0\" marginwidth=\"0\" marginheight=\"0\" scrolling=\"no\"><\/iframe>\n<\/div><\/figure>\n","protected":false},"excerpt":{"rendered":"<a href=\"https:\/\/estuprofe.com\/juegos\/2o-eso-educacion-plastica-y-visual-lomloe\/\" rel=\"bookmark\" title=\"Enlace permanente a 2\u00ba ESO Educaci\u00f3n Pl\u00e1stica y Visual LOMLOE\"><\/a>","protected":false},"author":1,"featured_media":0,"parent":0,"menu_order":2,"comment_status":"closed","ping_status":"closed","template":"","meta":{"ngg_post_thumbnail":0,"footnotes":""},"class_list":["post-1786","page","type-page","status-publish","h-entry","hentry"],"_links":{"self":[{"href":"https:\/\/estuprofe.com\/juegos\/wp-json\/wp\/v2\/pages\/1786","targetHints":{"allow":["GET"]}}],"collection":[{"href":"https:\/\/estuprofe.com\/juegos\/wp-json\/wp\/v2\/pages"}],"about":[{"href":"https:\/\/estuprofe.com\/juegos\/wp-json\/wp\/v2\/types\/page"}],"author":[{"embeddable":true,"href":"https:\/\/estuprofe.com\/juegos\/wp-json\/wp\/v2\/users\/1"}],"replies":[{"embeddable":true,"href":"https:\/\/estuprofe.com\/juegos\/wp-json\/wp\/v2\/comments?post=1786"}],"version-history":[{"count":2,"href":"https:\/\/estuprofe.com\/juegos\/wp-json\/wp\/v2\/pages\/1786\/revisions"}],"predecessor-version":[{"id":1838,"href":"https:\/\/estuprofe.com\/juegos\/wp-json\/wp\/v2\/pages\/1786\/revisions\/1838"}],"wp:attachment":[{"href":"https:\/\/estuprofe.com\/juegos\/wp-json\/wp\/v2\/media?parent=1786"}],"curies":[{"name":"wp","href":"https:\/\/api.w.org\/{rel}","templated":true}]}}