{"id":191,"date":"2012-02-01T17:52:52","date_gmt":"2012-02-01T17:52:52","guid":{"rendered":"http:\/\/estuprofe.com\/?page_id=2"},"modified":"2025-05-24T12:41:13","modified_gmt":"2025-05-24T10:41:13","slug":"about","status":"publish","type":"page","link":"https:\/\/estuprofe.com\/juegos\/about\/","title":{"rendered":"Acerca de este blog y su autor."},"content":{"rendered":"<p>Nac\u00ed en Granada, all\u00ed comenc\u00e9 mi formaci\u00f3n en Arquitectura. Desde los primeros a\u00f1os experiment\u00e9 2 sensaciones que me han acompa\u00f1ado toda mi vida profesional.<br \/>\n&#8211; La necesidad de compartir todo lo que s\u00e9.<br \/>\n&#8211; La arquitectura tiene que ser algo m\u00e1s que hacer casas bonitas, firmes y \u00fatiles.<\/p>\n<p>La primera necesidad la copa mi experiencia como docente,he sido profesor de matem\u00e1ticas en el colegio Reina Sof\u00eda de Totana y colaboro con TorrePacheco Acoge mediante refuerzo escolar para inmigrantes. <del>Actualmente<\/del> <del>soy profesor en el colegio Santa Joaquina de Vedruna (Murcia)<\/del><\/p>\n<p>Despu\u00e9s de una enriquecedora experiencia en la concertada empec\u00e9 a trabajar en centros p\u00fablicos (Puerto de Mazarr\u00f3n, Rold\u00e1n, Moratalla).<\/p>\n<p>Actualmente soy profesor de Dibujo de secundaria, aunque mi destino definitivo es Rold\u00e1n (IES SABINA MORA) llevo cuatro a\u00f1os de comisi\u00f3n docente en Corvera, mi pueblo.<\/p>\n<p>Pienso escribir este blog con ejemplos interesantes de dibujo, y juegos sobre matem\u00e1ticas y lengua. La parte de dibujo ser\u00e1n de un nivel de hasta 2\u00ba Bachillerato. La parte de matem\u00e1ticas y lengua estar\u00e1n adecuadas a un nivel de refuerzo escolar de 1\u00ba-2\u00ba de Eso.<\/p>\n<p>Adem\u00e1s ser\u00e1 una herramienta para mis alumnos de Diversificaci\u00f3n Curricular \u00c1mbitos Cient\u00edfico y Tecnol\u00f3gico y \u00c1mbito Pr\u00e1ctico, Matem\u00e1ticas 2\u00ba ESO y Educaci\u00f3n Pl\u00e1stica y Visual de 1\u00ba ESO.<\/p>\n<p>Para saber m\u00e1s sobre m\u00ed puede visitar mis p\u00e1ginas web:<\/p>\n<p><a href=\"http:\/\/www.estuprofe.com\" target=\"_blank\" rel=\"noopener\">www.estuprofe.com<\/a><\/p>\n<p><del>Para todo lo relacionado con mi trabajo como arquitecto visite:<\/del><\/p>\n<p><del>Arquitectura:&nbsp;<a title=\"\" href=\"http:\/\/arquitectura.elbuenlugar.es\" data-original-title=\"Arquitecto\">http:\/\/arquitectura.elbuenlugar.es<\/a><\/del><\/p>\n<p><del>Geobiolog\u00eda y salud en el h\u00e1bitat: <a title=\"\" href=\"http:\/\/www.elbuenlugar.es\" data-original-title=\"Geobiolog\u00eda\">http:\/\/www.elbuenlugar.es<\/a><\/del><\/p>\n<p><del>Blog de arquitectura:<a href=\"http:\/\/casasynaturaleza.blogspot.com\" target=\"_blank\" rel=\"noopener\">http:\/\/casasynaturaleza.blogspot.com<\/a><\/del><\/p>\n<p>Este blog est\u00e1 enfocado para mis alumnos, cualquier otra persona puede utilizar este contenido siempre que no sea con fines econ\u00f3micos y cite la fuente.<\/p>\n<p>\u00a1Espero que os guste!<\/p>\n<p>Contacto:<\/p>\n<p><a href=\"mailto:luis@estuprofe.com\">luis@estuprofe.com<\/a><\/p>\n<p><a href=\"http:\/\/creativecommons.org\/licenses\/by-nc-sa\/3.0\/\" rel=\"license\"><img decoding=\"async\" style=\"border-width: 0;\" src=\"http:\/\/i.creativecommons.org\/l\/by-nc-sa\/3.0\/88x31.png\" alt=\"Licencia de Creative Commons\"><\/a><br \/>\nblog by <a href=\"http:\/\/estuprofe.com\/about\/\" rel=\"cc:attributionURL\">Luis Zurita Herrera<\/a> is licensed under a <a href=\"http:\/\/creativecommons.org\/licenses\/by-nc-sa\/3.0\/\" rel=\"license\">Creative Commons Reconocimiento-NoComercial-CompartirIgual 3.0 Unported License<\/a>.<br \/>\nCreado a partir de la obra en <a href=\"http:\/\/estuprofe.com\" rel=\"dct:source\">estuprofe.com<\/a>.<br \/>\nPermissions beyond the scope of this license may be available at <a href=\"http:\/\/www.estuprofe.com\" rel=\"cc:morePermissions\">www.estuprofe.com<\/a>.<\/p>\n<p>S\u00edguenos en Facebook y en twitter:<br \/>\n<a href=\"https:\/\/twitter.com\/estuprofe\">Sigue @estuprofe<\/a><br \/>\n<a href=\"https:\/\/www.facebook.com\/pages\/Estuprofe\/179656135476282\">Sigue estuprofe en facebook<\/a><\/p>\n","protected":false},"excerpt":{"rendered":"<a href=\"https:\/\/estuprofe.com\/juegos\/about\/\" rel=\"bookmark\" title=\"Enlace permanente a Acerca de este blog y su autor.\"><p>Nac\u00ed en Granada, all\u00ed comenc\u00e9 mi formaci\u00f3n en Arquitectura. Desde los primeros a\u00f1os experiment\u00e9 2 sensaciones que me han acompa\u00f1ado toda mi vida profesional. &#8211; La necesidad de compartir todo lo que s\u00e9. &#8211; La arquitectura tiene que ser algo m\u00e1s que hacer casas bonitas, firmes y \u00fatiles. La primera necesidad la copa mi experiencia [&hellip;]<\/p>\n<\/a>","protected":false},"author":2,"featured_media":0,"parent":0,"menu_order":0,"comment_status":"open","ping_status":"open","template":"","meta":{"ngg_post_thumbnail":0,"footnotes":""},"class_list":["post-191","page","type-page","status-publish","h-entry","hentry"],"_links":{"self":[{"href":"https:\/\/estuprofe.com\/juegos\/wp-json\/wp\/v2\/pages\/191","targetHints":{"allow":["GET"]}}],"collection":[{"href":"https:\/\/estuprofe.com\/juegos\/wp-json\/wp\/v2\/pages"}],"about":[{"href":"https:\/\/estuprofe.com\/juegos\/wp-json\/wp\/v2\/types\/page"}],"author":[{"embeddable":true,"href":"https:\/\/estuprofe.com\/juegos\/wp-json\/wp\/v2\/users\/2"}],"replies":[{"embeddable":true,"href":"https:\/\/estuprofe.com\/juegos\/wp-json\/wp\/v2\/comments?post=191"}],"version-history":[{"count":1,"href":"https:\/\/estuprofe.com\/juegos\/wp-json\/wp\/v2\/pages\/191\/revisions"}],"predecessor-version":[{"id":1860,"href":"https:\/\/estuprofe.com\/juegos\/wp-json\/wp\/v2\/pages\/191\/revisions\/1860"}],"wp:attachment":[{"href":"https:\/\/estuprofe.com\/juegos\/wp-json\/wp\/v2\/media?parent=191"}],"curies":[{"name":"wp","href":"https:\/\/api.w.org\/{rel}","templated":true}]}}