{"id":265,"date":"2013-04-14T11:59:24","date_gmt":"2013-04-14T09:59:24","guid":{"rendered":"http:\/\/estuprofe.com\/?page_id=265"},"modified":"2020-09-16T16:04:21","modified_gmt":"2020-09-16T14:04:21","slug":"la-historia-de-rebeca","status":"publish","type":"page","link":"https:\/\/estuprofe.com\/juegos\/la-historia-de-rebeca\/","title":{"rendered":"La Historia de Rebeca"},"content":{"rendered":"<p>Aqu\u00ed voy a colocar todas las entradas de Rebeca, pues, con la ayuda de mis alumnos, est\u00e1 cogiendo vida propia y ya no es un juego m\u00e1s como los otros.<\/p>\n<p><a title=\"La historia de\u00a0Rebeca\" href=\"http:\/\/estuprofe.com\/juegos\/2012\/02\/17\/la-historia-de-rebeca\/\">1. La historia de Rebeca.<\/a><\/p>\n<p><a title=\"2. Y la historia\u00a0contin\u00faa\" href=\"http:\/\/estuprofe.com\/juegos\/2011\/03\/10\/y-la-historia-continua\/\">2. Y la historia contin\u00faa.<\/a><\/p>\n<p><a title=\"3.\u00daltimo\u00a0testigo\" href=\"http:\/\/estuprofe.com\/juegos\/2013\/04\/14\/3-ultimo-testigo\/\">3. \u00daltimo testigo<\/a><\/p>\n","protected":false},"excerpt":{"rendered":"<a href=\"https:\/\/estuprofe.com\/juegos\/la-historia-de-rebeca\/\" rel=\"bookmark\" title=\"Enlace permanente a La Historia de Rebeca\"><p>Aqu\u00ed voy a colocar todas las entradas de Rebeca, pues, con la ayuda de mis alumnos, est\u00e1 cogiendo vida propia y ya no es un juego m\u00e1s como los otros. 1. La historia de Rebeca. 2. Y la historia contin\u00faa. 3. \u00daltimo testigo<\/p>\n<\/a>","protected":false},"author":2,"featured_media":0,"parent":0,"menu_order":8,"comment_status":"open","ping_status":"closed","template":"","meta":{"ngg_post_thumbnail":0,"footnotes":""},"class_list":["post-265","page","type-page","status-publish","h-entry","hentry"],"_links":{"self":[{"href":"https:\/\/estuprofe.com\/juegos\/wp-json\/wp\/v2\/pages\/265","targetHints":{"allow":["GET"]}}],"collection":[{"href":"https:\/\/estuprofe.com\/juegos\/wp-json\/wp\/v2\/pages"}],"about":[{"href":"https:\/\/estuprofe.com\/juegos\/wp-json\/wp\/v2\/types\/page"}],"author":[{"embeddable":true,"href":"https:\/\/estuprofe.com\/juegos\/wp-json\/wp\/v2\/users\/2"}],"replies":[{"embeddable":true,"href":"https:\/\/estuprofe.com\/juegos\/wp-json\/wp\/v2\/comments?post=265"}],"version-history":[{"count":1,"href":"https:\/\/estuprofe.com\/juegos\/wp-json\/wp\/v2\/pages\/265\/revisions"}],"predecessor-version":[{"id":908,"href":"https:\/\/estuprofe.com\/juegos\/wp-json\/wp\/v2\/pages\/265\/revisions\/908"}],"wp:attachment":[{"href":"https:\/\/estuprofe.com\/juegos\/wp-json\/wp\/v2\/media?parent=265"}],"curies":[{"name":"wp","href":"https:\/\/api.w.org\/{rel}","templated":true}]}}