{"id":591,"date":"2019-02-09T13:24:30","date_gmt":"2019-02-09T11:24:30","guid":{"rendered":"http:\/\/estuprofe.com\/juegos\/?page_id=591"},"modified":"2020-09-16T16:04:12","modified_gmt":"2020-09-16T14:04:12","slug":"huerto-escolar","status":"publish","type":"page","link":"https:\/\/estuprofe.com\/juegos\/huerto-escolar\/","title":{"rendered":"Huerto escolar"},"content":{"rendered":"\n<p>El pasado uno de marzo (2018) acudimos a la jornada de intercambio de experiencias en la red de huertos escolares de Murcia (RHEMU). La charla tuvo lugar en la sala de conferencias del ayuntamiento de Murcia (Edificio Moneo).<br> Nuestra peque\u00f1a intervenci\u00f3n fue una exposici\u00f3n sobre las actividades que realizamos tanto desde primaria como secundaria en el huerto.<br> Nuestro eje de actuaci\u00f3n siempre ha estado ligado a dos aspectos fundamentales, \u00abEl huerto conciencia\u00bb, siendo un herramienta educativa que nos permite trabajar desde la innovaci\u00f3n aspectos m\u00e1s trasversales del curr\u00edculo.<br> El otro aspecto fundamental, \u00abEl huerto con ciencia\u00bb, aborda un tratamiento cient\u00edfico sobre todo lo que va ocurriendo en el huerto.<br> Por \u00faltimo hablamos sobre el desarrollo de la creatividad en distintas materias.<\/p>\n\n\n\n<p>A continuaci\u00f3n colgar\u00e9 el enlace permanente al blog que realic\u00e9 en el colegio Santa Joaquina de Vedruna cuando era responsable del huerto.<\/p>\n\n\n\n<p><a href=\"https:\/\/huertuna.blogspot.com\/search\/label\/1-HUERTO\">https:\/\/huertuna.blogspot.com\/search\/label\/1-HUERTO<\/a><\/p>\n\n\n\n<p><a href=\"https:\/\/huertuna.blogspot.com\/\">https:\/\/huertuna.blogspot.com\/<\/a><\/p>\n\n\n\n<p>Tambi\u00e9n podr\u00e1s encontrar cosas en este blog dentro de la categor\u00eda huerto.<\/p>\n\n\n\n<p><a href=\"http:\/\/estuprofe.com\/juegos\/category\/huerto\/\">http:\/\/estuprofe.com\/juegos\/category\/huerto\/<\/a><\/p>\n\n\n\n<p><\/p>\n","protected":false},"excerpt":{"rendered":"<a href=\"https:\/\/estuprofe.com\/juegos\/huerto-escolar\/\" rel=\"bookmark\" title=\"Enlace permanente a Huerto escolar\"><p>El pasado uno de marzo (2018) acudimos a la jornada de intercambio de experiencias en la red de huertos escolares de Murcia (RHEMU). La charla tuvo lugar en la sala de conferencias del ayuntamiento de Murcia (Edificio Moneo). Nuestra peque\u00f1a intervenci\u00f3n fue una exposici\u00f3n sobre las actividades que realizamos tanto desde primaria como secundaria en [&hellip;]<\/p>\n<\/a>","protected":false},"author":1,"featured_media":0,"parent":0,"menu_order":7,"comment_status":"closed","ping_status":"closed","template":"","meta":{"ngg_post_thumbnail":0,"footnotes":""},"class_list":["post-591","page","type-page","status-publish","h-entry","hentry"],"_links":{"self":[{"href":"https:\/\/estuprofe.com\/juegos\/wp-json\/wp\/v2\/pages\/591","targetHints":{"allow":["GET"]}}],"collection":[{"href":"https:\/\/estuprofe.com\/juegos\/wp-json\/wp\/v2\/pages"}],"about":[{"href":"https:\/\/estuprofe.com\/juegos\/wp-json\/wp\/v2\/types\/page"}],"author":[{"embeddable":true,"href":"https:\/\/estuprofe.com\/juegos\/wp-json\/wp\/v2\/users\/1"}],"replies":[{"embeddable":true,"href":"https:\/\/estuprofe.com\/juegos\/wp-json\/wp\/v2\/comments?post=591"}],"version-history":[{"count":3,"href":"https:\/\/estuprofe.com\/juegos\/wp-json\/wp\/v2\/pages\/591\/revisions"}],"predecessor-version":[{"id":598,"href":"https:\/\/estuprofe.com\/juegos\/wp-json\/wp\/v2\/pages\/591\/revisions\/598"}],"wp:attachment":[{"href":"https:\/\/estuprofe.com\/juegos\/wp-json\/wp\/v2\/media?parent=591"}],"curies":[{"name":"wp","href":"https:\/\/api.w.org\/{rel}","templated":true}]}}