{"id":594,"date":"2019-02-09T13:29:00","date_gmt":"2019-02-09T11:29:00","guid":{"rendered":"http:\/\/estuprofe.com\/juegos\/?page_id=594"},"modified":"2020-09-16T16:04:30","modified_gmt":"2020-09-16T14:04:30","slug":"reforestaciones","status":"publish","type":"page","link":"https:\/\/estuprofe.com\/juegos\/reforestaciones\/","title":{"rendered":"Reforestaciones"},"content":{"rendered":"\n<p>A trav\u00e9s de la asociaci\u00f3n medioambiental Morus alba de Corvera estamos realizando reforestaciones en el entorno de nuestro pueblo.<\/p>\n\n\n\n<p>La idea es implicar a los mismos escolares, de manera que , dentro de unos a\u00f1os, cuando ellos sean los alcaldes-constructores-promotores de Corvera respeten su entorno. Adem\u00e1s de las charlas de formaci\u00f3n y concienciaci\u00f3n, realizamos una gran excursi\u00f3n todos los a\u00f1os con los alumnos de 1\u00ba y 2\u00ba de la ESO. En ella, los alumnos plantan sus propios \u00e1rboles. <\/p>\n\n\n\n<p>Nos llena de ilusi\u00f3n saber que todos los ni\u00f1os educados en el instituto de Corvera, salen de \u00e9l habiendo plantado su propio \u00e1rbol.<\/p>\n\n\n\n<p>Esta es la p\u00e1gina de la asociaci\u00f3n.<\/p>\n\n\n\n<p><a href=\"https:\/\/www.morusalba.es\/\">https:\/\/www.morusalba.es\/<\/a><\/p>\n","protected":false},"excerpt":{"rendered":"<a href=\"https:\/\/estuprofe.com\/juegos\/reforestaciones\/\" rel=\"bookmark\" title=\"Enlace permanente a Reforestaciones\"><p>A trav\u00e9s de la asociaci\u00f3n medioambiental Morus alba de Corvera estamos realizando reforestaciones en el entorno de nuestro pueblo. La idea es implicar a los mismos escolares, de manera que , dentro de unos a\u00f1os, cuando ellos sean los alcaldes-constructores-promotores de Corvera respeten su entorno. Adem\u00e1s de las charlas de formaci\u00f3n y concienciaci\u00f3n, realizamos una [&hellip;]<\/p>\n<\/a>","protected":false},"author":1,"featured_media":0,"parent":0,"menu_order":9,"comment_status":"closed","ping_status":"closed","template":"","meta":{"ngg_post_thumbnail":0,"footnotes":""},"class_list":["post-594","page","type-page","status-publish","h-entry","hentry"],"_links":{"self":[{"href":"https:\/\/estuprofe.com\/juegos\/wp-json\/wp\/v2\/pages\/594","targetHints":{"allow":["GET"]}}],"collection":[{"href":"https:\/\/estuprofe.com\/juegos\/wp-json\/wp\/v2\/pages"}],"about":[{"href":"https:\/\/estuprofe.com\/juegos\/wp-json\/wp\/v2\/types\/page"}],"author":[{"embeddable":true,"href":"https:\/\/estuprofe.com\/juegos\/wp-json\/wp\/v2\/users\/1"}],"replies":[{"embeddable":true,"href":"https:\/\/estuprofe.com\/juegos\/wp-json\/wp\/v2\/comments?post=594"}],"version-history":[{"count":1,"href":"https:\/\/estuprofe.com\/juegos\/wp-json\/wp\/v2\/pages\/594\/revisions"}],"predecessor-version":[{"id":596,"href":"https:\/\/estuprofe.com\/juegos\/wp-json\/wp\/v2\/pages\/594\/revisions\/596"}],"wp:attachment":[{"href":"https:\/\/estuprofe.com\/juegos\/wp-json\/wp\/v2\/media?parent=594"}],"curies":[{"name":"wp","href":"https:\/\/api.w.org\/{rel}","templated":true}]}}